{"id":205,"date":"2018-08-09T12:42:57","date_gmt":"2018-08-09T12:42:57","guid":{"rendered":"http:\/\/schmiede-donop.de\/?page_id=205"},"modified":"2021-03-09T10:29:02","modified_gmt":"2021-03-09T10:29:02","slug":"die-schmiede-donop","status":"publish","type":"page","link":"https:\/\/schmiede-donop.de\/?page_id=205","title":{"rendered":"Die Schmiede Donop"},"content":{"rendered":"\n<table id=\"tablepress-1\" class=\"tablepress tablepress-id-1 tbody-has-connected-cells\">\n<tbody class=\"row-striping row-hover\">\n<tr class=\"row-1\">\n\t<td class=\"column-1\"><h4>Die Schmiede<\/h4><br \/>\n<br \/>\nDie Schmiede in Donop wurde immer wieder ver\u00e4ndert. Das Wohnhaus mit der Deele ist 1872 errichtet worden. Damals wurde noch Landwirtschaft betrieben, denn zur Schmiede geh\u00f6rten Felder und Wiesen. Die eigentliche Schmiede wurde zun\u00e4chst als Stall gebaut, so die Berichte alter Donoper. In den f\u00fcnfziger Jahren bekam sie dann ihr heutiges Aussehen. Sowohl an der Vorderseite als auch an der R\u00fcckseite wurde der rote Backsteinbau verl\u00e4ngert und sie erhielt die gro\u00dfen Eisenfenster.<\/td><td class=\"column-2\"><img loading=\"lazy\" decoding=\"async\" src=\"http:\/\/schmiede-donop.de\/wp-content\/uploads\/2018\/08\/f99c9faf49f54ed091613c16c5c9d039.jpg\" alt=\"\" width=\"600\" height=\"454\" class=\"alignnone size-full wp-image-63\" srcset=\"https:\/\/schmiede-donop.de\/wp-content\/uploads\/2018\/08\/f99c9faf49f54ed091613c16c5c9d039.jpg 600w, https:\/\/schmiede-donop.de\/wp-content\/uploads\/2018\/08\/f99c9faf49f54ed091613c16c5c9d039-300x227.jpg 300w, https:\/\/schmiede-donop.de\/wp-content\/uploads\/2018\/08\/f99c9faf49f54ed091613c16c5c9d039-508x384.jpg 508w\" sizes=\"auto, (max-width: 600px) 100vw, 600px\" \/><\/td>\n<\/tr>\n<tr class=\"row-2\">\n\t<td class=\"column-1\"><h4>Der Schmied<\/h4><br \/>\n<br \/>\nWerner Gerke ist gelernter Maschinenbauer und Industriemeister\/Metall. 2007 machte er sein Hobby zum Beruf und war bis zum Eintritt in den \"Unruhestand\" im LWL-Freilichtmuseum in Detmold als Museumsschmied besch\u00e4ftigt.<\/td><td class=\"column-2\"><img loading=\"lazy\" decoding=\"async\" src=\"http:\/\/schmiede-donop.de\/wp-content\/uploads\/2018\/08\/5b5ebbea6e13435286fc2fac5b70168d-105x300.jpg\" alt=\"\" width=\"105\" height=\"300\" class=\"alignnone size-medium wp-image-108\" srcset=\"https:\/\/schmiede-donop.de\/wp-content\/uploads\/2018\/08\/5b5ebbea6e13435286fc2fac5b70168d-105x300.jpg 105w, https:\/\/schmiede-donop.de\/wp-content\/uploads\/2018\/08\/5b5ebbea6e13435286fc2fac5b70168d.jpg 222w\" sizes=\"auto, (max-width: 105px) 100vw, 105px\" \/><\/td>\n<\/tr>\n<tr class=\"row-3\">\n\t<td colspan=\"2\" class=\"column-1\"><h4>Referenzen<\/h4><br \/>\n<a href=\"http:\/\/schmiede-donop.de\/wp-content\/uploads\/2018\/08\/LipMag0214.pdf\">Artikel aus dem Lippe-Magazin, Ausgabe M\u00e4rz 2014<\/a><br \/>\n<a href=\"http:\/\/www.heimatverein-blomberg.de\/Seite10.htm\" rel=\"noopener\" target=\"_blank\">Bericht des \"Heimatvereins Blomberg\" \u00fcber ihren Besuch in der Schmiede-Donop<\/a><br \/>\n<a href=\"http:\/\/schmiede-donop.de\/wp-content\/uploads\/2018\/08\/FeuerUndFlamme.pdf\">Artikel aus der Lippischen Landeszeitung vom 23.09.2013<\/a><br \/>\n<a href=\"http:\/\/schmiede-donop.de\/wp-content\/uploads\/2018\/08\/2cdc04b8a7634ccebb10cda27e315ec4.gif\">Artikel aus der Lippischen Landeszeitung vom 24.12.2012<\/a><br \/>\n<br \/>\nDie Schmiede-Donop bedankt sich bei den Autoren f\u00fcr die freundliche Bereitstellung ihrer Artikel.<\/td>\n<\/tr>\n<\/tbody>\n<\/table>\n<!-- #tablepress-1 from cache -->\n<p><strong>\u00a9 Schmiede Donop 2021<\/strong><\/p>\n","protected":false},"excerpt":{"rendered":"<p>\u00a9 Schmiede Donop 2021<\/p>\n","protected":false},"author":1,"featured_media":0,"parent":0,"menu_order":0,"comment_status":"closed","ping_status":"closed","template":"","meta":{"footnotes":""},"class_list":["post-205","page","type-page","status-publish","hentry"],"_links":{"self":[{"href":"https:\/\/schmiede-donop.de\/index.php?rest_route=\/wp\/v2\/pages\/205","targetHints":{"allow":["GET"]}}],"collection":[{"href":"https:\/\/schmiede-donop.de\/index.php?rest_route=\/wp\/v2\/pages"}],"about":[{"href":"https:\/\/schmiede-donop.de\/index.php?rest_route=\/wp\/v2\/types\/page"}],"author":[{"embeddable":true,"href":"https:\/\/schmiede-donop.de\/index.php?rest_route=\/wp\/v2\/users\/1"}],"replies":[{"embeddable":true,"href":"https:\/\/schmiede-donop.de\/index.php?rest_route=%2Fwp%2Fv2%2Fcomments&post=205"}],"version-history":[{"count":9,"href":"https:\/\/schmiede-donop.de\/index.php?rest_route=\/wp\/v2\/pages\/205\/revisions"}],"predecessor-version":[{"id":350,"href":"https:\/\/schmiede-donop.de\/index.php?rest_route=\/wp\/v2\/pages\/205\/revisions\/350"}],"wp:attachment":[{"href":"https:\/\/schmiede-donop.de\/index.php?rest_route=%2Fwp%2Fv2%2Fmedia&parent=205"}],"curies":[{"name":"wp","href":"https:\/\/api.w.org\/{rel}","templated":true}]}}