{"id":247,"date":"2018-08-09T13:55:32","date_gmt":"2018-08-09T13:55:32","guid":{"rendered":"http:\/\/schmiede-donop.de\/?page_id=247"},"modified":"2025-01-05T10:50:33","modified_gmt":"2025-01-05T10:50:33","slug":"kunstschmiede","status":"publish","type":"page","link":"https:\/\/schmiede-donop.de\/?page_id=247","title":{"rendered":"Kunstschmiede"},"content":{"rendered":"<h2>Individuelle Einzelteile f\u00fcr Wohnung, Haus und Garten<br \/>\nRepr\u00e4sentative und au\u00dfergew\u00f6hnliche Geschenke<\/h2>\n<h2><\/h2>\n<h2 style=\"text-align: center;\"><img loading=\"lazy\" decoding=\"async\" class=\"alignnone size-medium wp-image-354\" src=\"https:\/\/schmiede-donop.de\/wp-content\/uploads\/2021\/03\/Gelaender_02-150x300.jpeg\" alt=\"\" width=\"150\" height=\"300\" \/> <img loading=\"lazy\" decoding=\"async\" class=\"alignnone size-medium wp-image-353\" src=\"https:\/\/schmiede-donop.de\/wp-content\/uploads\/2021\/03\/Gelaender_01-150x300.jpeg\" alt=\"\" width=\"150\" height=\"300\" \/> <img loading=\"lazy\" decoding=\"async\" class=\"alignnone size-medium wp-image-123\" src=\"https:\/\/schmiede-donop.de\/wp-content\/uploads\/2018\/08\/7f650be3f9804ef583dbc1e8703f1961-261x300.jpg\" alt=\"\" width=\"261\" height=\"300\" \/> <img loading=\"lazy\" decoding=\"async\" class=\"alignnone size-full wp-image-122\" src=\"https:\/\/schmiede-donop.de\/wp-content\/uploads\/2018\/08\/03ba9ff774e14ffb9c10eb8fbdf38048-1.jpg\" alt=\"\" width=\"200\" height=\"256\" \/> <img loading=\"lazy\" decoding=\"async\" class=\"alignnone size-medium wp-image-119\" src=\"https:\/\/schmiede-donop.de\/wp-content\/uploads\/2018\/08\/c0f09cc587354f929f1b024619529eb0-300x225.jpg\" alt=\"\" width=\"300\" height=\"225\" srcset=\"https:\/\/schmiede-donop.de\/wp-content\/uploads\/2018\/08\/c0f09cc587354f929f1b024619529eb0-300x225.jpg 300w, https:\/\/schmiede-donop.de\/wp-content\/uploads\/2018\/08\/c0f09cc587354f929f1b024619529eb0.jpg 600w\" sizes=\"auto, (max-width: 300px) 100vw, 300px\" \/> <img loading=\"lazy\" decoding=\"async\" class=\"alignnone size-medium wp-image-117\" src=\"https:\/\/schmiede-donop.de\/wp-content\/uploads\/2018\/08\/22f3d366fffb4516acba0bef12168ad9-300x225.jpg\" alt=\"\" width=\"300\" height=\"225\" srcset=\"https:\/\/schmiede-donop.de\/wp-content\/uploads\/2018\/08\/22f3d366fffb4516acba0bef12168ad9-300x225.jpg 300w, https:\/\/schmiede-donop.de\/wp-content\/uploads\/2018\/08\/22f3d366fffb4516acba0bef12168ad9.jpg 600w\" sizes=\"auto, (max-width: 300px) 100vw, 300px\" \/><\/h2>\n<style type=\"text\/css\">\r\n\t#slgf_276 .gallery1 {\r\n\t\tdisplay: block !important;\r\n\t\twidth: 100% !important;\r\n\t\tmargin: 0 -5px !important; \/* Offset padding *\/\r\n\t}\r\n\t\r\n\t\/* Clearfix for container *\/\r\n\t#slgf_276 .gallery1:after {\r\n\t\tcontent: '';\r\n\t\tdisplay: block;\r\n\t\tclear: both;\r\n\t}\r\n\r\n\t#slgf_276 .wl-gallery {\r\n\t\tfloat: left !important;\r\n\t\tbox-sizing: border-box !important;\r\n\t\tpadding: 0 5px 10px 5px !important; \/* Horizontal padding + bottom margin *\/\r\n\t\tmargin: 0 !important;\r\n\t}\r\n\r\n\t\/* Two Column Layout *\/\r\n\t#slgf_276 .col-md-6 {\r\n\t\twidth: 50% !important;\r\n\t}\r\n\r\n\t\/* Three Column Layout *\/\r\n\t#slgf_276 .col-md-4 {\r\n\t\twidth: 33.33% !important;\r\n\t}\r\n\r\n\t#slgf_276 .col-md-3 {\r\n\t\twidth: 25% !important;\r\n\t}\r\n\r\n\t#slgf_276 .col-md-2 {\r\n\t\twidth: 16.66% !important;\r\n\t}\r\n\r\n\t#slgf_276 .b-link-stroke .b-top-line {\r\n\t\tbackground: rgba(10, 194, 210, 0.5);\r\n\t}\r\n\r\n\t#slgf_276 .b-link-stroke .b-bottom-line {\r\n\t\tbackground: rgba(10, 194, 210, 0.5);\r\n\t}\r\n\r\n\t#slgf_276 .b-wrapper {\r\n\t\tfont-family: font-name;\r\n\t}\r\n\r\n\t#slgf_276 .slgf_home_portfolio_caption {\r\n\t\tbackground: #FFFFFF;\r\n\t}\r\n\r\n\t#slgf_276 .slgf_home_portfolio_caption h3 {\r\n\t\tcolor: #000000;\r\n\t}\r\n\r\n\t#slgf_276 .slg_title_class {\r\n\t\tfont-weight: bolder;\r\n\t\tpadding-bottom: 20px;\r\n\t\tborder-bottom: 2px solid #cccccc;\r\n\t\tmargin-bottom: 20px;\r\n\t\tfont-family: font-name;\r\n\t\tcolor: #2271b1;\r\n\t}\r\n\t.fnf {\r\n\tbackground-color: #a92929;\r\n\tborder-radius: 5px;\r\n\tcolor: #fff;\r\n\tfont-family: initial;\r\n\ttext-align: center;\r\n\tpadding: 12px;\r\n\t}\r\n\t#slgf_276 .img-box-shadow { box-shadow: 0 0 6px rgba(0, 0, 0, .7); }<\/style>\t\r\n\t<div class=\"gal-container\" id=\"slgf_276\">\r\n\t\t\t\t\t<!--get the post id-->\r\n\t\t\t\r\n\t\t\t<!--Gallery Title-->\r\n\t\t\t\t\t\t\t<div class=\"slg_title_class\">\r\n\t\t\t\t\tKunstschmiede\t\t\t\t<\/div>\r\n\t\t\t\t\t\t<div class=\"row\">\r\n\r\n\t\t\t\t<div class=\"gallery1 lightgallery_276\">\r\n\t\t\t\t\t\t\t\t\t<\/div>\r\n\t\t\t<\/div>\r\n\t\t\t<\/div>\r\n\r\n\t<!-- Swipe Box-->\r\n\t\n<p><strong>\u00a9 Schmiede Donop 2018<\/strong><\/p>\n","protected":false},"excerpt":{"rendered":"<p>Individuelle Einzelteile f\u00fcr Wohnung, Haus und Garten Repr\u00e4sentative und au\u00dfergew\u00f6hnliche Geschenke \u00a9 Schmiede Donop 2018<\/p>\n","protected":false},"author":1,"featured_media":0,"parent":0,"menu_order":0,"comment_status":"closed","ping_status":"closed","template":"","meta":{"footnotes":""},"class_list":["post-247","page","type-page","status-publish","hentry"],"_links":{"self":[{"href":"https:\/\/schmiede-donop.de\/index.php?rest_route=\/wp\/v2\/pages\/247","targetHints":{"allow":["GET"]}}],"collection":[{"href":"https:\/\/schmiede-donop.de\/index.php?rest_route=\/wp\/v2\/pages"}],"about":[{"href":"https:\/\/schmiede-donop.de\/index.php?rest_route=\/wp\/v2\/types\/page"}],"author":[{"embeddable":true,"href":"https:\/\/schmiede-donop.de\/index.php?rest_route=\/wp\/v2\/users\/1"}],"replies":[{"embeddable":true,"href":"https:\/\/schmiede-donop.de\/index.php?rest_route=%2Fwp%2Fv2%2Fcomments&post=247"}],"version-history":[{"count":6,"href":"https:\/\/schmiede-donop.de\/index.php?rest_route=\/wp\/v2\/pages\/247\/revisions"}],"predecessor-version":[{"id":362,"href":"https:\/\/schmiede-donop.de\/index.php?rest_route=\/wp\/v2\/pages\/247\/revisions\/362"}],"wp:attachment":[{"href":"https:\/\/schmiede-donop.de\/index.php?rest_route=%2Fwp%2Fv2%2Fmedia&parent=247"}],"curies":[{"name":"wp","href":"https:\/\/api.w.org\/{rel}","templated":true}]}}