{"id":256,"date":"2018-08-10T06:59:39","date_gmt":"2018-08-10T06:59:39","guid":{"rendered":"http:\/\/schmiede-donop.de\/?page_id=256"},"modified":"2025-01-05T10:48:17","modified_gmt":"2025-01-05T10:48:17","slug":"schmiedekurse","status":"publish","type":"page","link":"https:\/\/schmiede-donop.de\/?page_id=256","title":{"rendered":"Schmiedekurse"},"content":{"rendered":"<p>Nehmen Sie teil an einem Schmiedekurs in der Schmiede Donop und erfahren Sie mehr \u00fcber die Kunst des Schmiedehandwerks.<br \/>\nOb Einzelperson, Gruppe oder Firmen-Event: Ein Schmiedekurs in der Schmiede Donop, immer ein Erlebnis!<\/p>\n<p style=\"text-align: left;\" align=\"center\">Einzelpersonen oder Gruppen bis zu sechs Personen erfahren und lernen in einem Tagesseminar die Grundlagen des \u201cSchmiede-Einmaleins\u201d.<br \/>\nNach einer theoretischen Einf\u00fchrung haben die Teilnehmer die M\u00f6glichkeit sich am Amboss kreativ zu bet\u00e4tigen.<\/p>\n<hr \/>\n<p><strong><span style=\"font-family: Georgia; font-size: medium;\">Leistungen:<\/span><\/strong><\/p>\n<ul>\n<li><span style=\"font-family: Georgia; font-size: medium;\">Kursmaterial (Kohle, Stahl, &#8230;)<\/span><\/li>\n<li><span style=\"font-family: Georgia; font-size: medium;\">Fr\u00fchst\u00fcck am Morgen sowie Kaffee und Kuchen am Nachmittag<\/span><\/li>\n<\/ul>\n<p style=\"text-align: left;\"><strong><span style=\"font-family: Georgia; font-size: medium;\">Mitzubringen:<\/span><\/strong><\/p>\n<ul>\n<li style=\"text-align: left;\"><span style=\"font-family: Georgia; font-size: medium;\">Baumwollkleidung<\/span><\/li>\n<li style=\"text-align: left;\"><span style=\"font-family: Georgia; font-size: medium;\">Arbeitsschuhe<\/span><\/li>\n<li style=\"text-align: left;\"><span style=\"font-family: Georgia; font-size: medium;\">Arbeitshandschuhe<\/span><\/li>\n<\/ul>\n<p><strong><span style=\"font-family: Georgia; font-size: medium;\">Kursgeb\u00fchren:<\/span><\/strong><\/p>\n<ul>\n<li><span style=\"font-family: Georgia; font-size: medium;\">Basisbetrag 180 \u20ac (verteilt sich auf die Kursteilnehmer) sowie eine<br \/>\nTeilnehmerpauschale von 50 \u20ac pro Kursteilnehmer<\/span><\/li>\n<\/ul>\n<p>&nbsp;<\/p>\n<p><span style=\"font-family: Georgia;\"><strong>Hinweis:<\/strong> <em>Die Teilnahme an einem Schmiedekurs erfolgt auf eigene Gefahr.<br \/>\n<\/em><\/span><\/p>\n<p>&nbsp;<\/p>\n<p>&nbsp;<\/p>\n<p><strong>\u00a9 Schmiede Donop 2018<\/strong><\/p>\n","protected":false},"excerpt":{"rendered":"<p>Nehmen Sie teil an einem Schmiedekurs in der Schmiede Donop und erfahren Sie mehr \u00fcber die Kunst des Schmiedehandwerks. Ob Einzelperson, Gruppe oder Firmen-Event: Ein Schmiedekurs in der Schmiede Donop, immer ein Erlebnis! Einzelpersonen oder Gruppen bis zu sechs Personen erfahren und lernen in einem Tagesseminar die Grundlagen des \u201cSchmiede-Einmaleins\u201d. Nach einer theoretischen Einf\u00fchrung haben<span class=\"post-excerpt-end\">&hellip;<\/span><\/p>\n<p class=\"more-link\"><a href=\"https:\/\/schmiede-donop.de\/?page_id=256\" class=\"themebutton\">Read More<\/a><\/p>\n","protected":false},"author":1,"featured_media":0,"parent":0,"menu_order":0,"comment_status":"closed","ping_status":"closed","template":"","meta":{"footnotes":""},"class_list":["post-256","page","type-page","status-publish","hentry"],"_links":{"self":[{"href":"https:\/\/schmiede-donop.de\/index.php?rest_route=\/wp\/v2\/pages\/256","targetHints":{"allow":["GET"]}}],"collection":[{"href":"https:\/\/schmiede-donop.de\/index.php?rest_route=\/wp\/v2\/pages"}],"about":[{"href":"https:\/\/schmiede-donop.de\/index.php?rest_route=\/wp\/v2\/types\/page"}],"author":[{"embeddable":true,"href":"https:\/\/schmiede-donop.de\/index.php?rest_route=\/wp\/v2\/users\/1"}],"replies":[{"embeddable":true,"href":"https:\/\/schmiede-donop.de\/index.php?rest_route=%2Fwp%2Fv2%2Fcomments&post=256"}],"version-history":[{"count":25,"href":"https:\/\/schmiede-donop.de\/index.php?rest_route=\/wp\/v2\/pages\/256\/revisions"}],"predecessor-version":[{"id":361,"href":"https:\/\/schmiede-donop.de\/index.php?rest_route=\/wp\/v2\/pages\/256\/revisions\/361"}],"wp:attachment":[{"href":"https:\/\/schmiede-donop.de\/index.php?rest_route=%2Fwp%2Fv2%2Fmedia&parent=256"}],"curies":[{"name":"wp","href":"https:\/\/api.w.org\/{rel}","templated":true}]}}