{"id":38,"date":"2018-08-08T12:44:18","date_gmt":"2018-08-08T12:44:18","guid":{"rendered":"http:\/\/schmiede-donop.de\/?page_id=38"},"modified":"2018-08-08T12:44:18","modified_gmt":"2018-08-08T12:44:18","slug":"datenschutz","status":"publish","type":"page","link":"https:\/\/schmiede-donop.de\/?page_id=38","title":{"rendered":"Datenschutz"},"content":{"rendered":"<div id=\"content\">\n<p><strong>Datenschutzerkl\u00e4rung<\/strong><br \/>\nIhr Besuch auf unseren Webseiten wird protokolliert. Erfasst werden im Wesentlichen die aktuell von Ihrem PC verwendete IP-Adresse, Datum und Uhrzeit, der Browsertyp und das Betriebssystem Ihres PCs sowie die von Ihnen betrachteten Seiten. Ein Personenbezug ist uns nicht m\u00f6glich und auch nicht beabsichtigt. Die Daten werden getrennt von anderen Daten, die Sie im Rahmen der Nutzung unseres Angebotes eingeben, gespeichert, zu statistischen Zwecken ausgewertet und im Anschluss daran wieder gel\u00f6scht. Wir erheben und verwenden Ihre personenbezogenen Daten ausschlie\u00dflich im Rahmen der Bestimmungen des Datenschutzrechts der Bundesrepublik Deutschland.<\/p>\n<p><strong>Verwendung der Daten und Weitergabe<\/strong><br \/>\nDie personenbezogenen Daten, die Sie uns z.B. per E-Mail mitteilen (z.B. Ihr Name und Ihre Adresse oder Ihre E-Mail-Adresse), werden nur zur Korrespondenz mit Ihnen und nur f\u00fcr den Zweck verarbeitet, zu dem Sie uns die Daten zur Verf\u00fcgung gestellt haben. Wir versichern, dass wir Ihre personenbezogenen Daten im \u00dcbrigen nicht an Dritte weitergeben, es sei denn, dass wir dazu gesetzlich verpflichtet w\u00e4ren oder Sie uns vorher Ihre Zustimmung gegeben haben.<\/p>\n<p><strong>Einwilligung und Widerruf<\/strong><br \/>\nWenn Sie uns personenbezogene Daten \u00fcberlassen haben, k\u00f6nnen Sie diese jederzeit wieder l\u00f6schen lassen.<\/p>\n<p><strong>Speicherdauer<\/strong><br \/>\nPersonenbezogene Daten, die uns \u00fcber unsere Website mitgeteilt worden sind, werden nur so lange gespeichert, bis der Zweck erf\u00fcllt ist, zu dem sie uns anvertraut wurden. Soweit handels- und steuerrechtliche Aufbewahrungsfristen zu beachten sind, kann die Speicherdauer zu bestimmten Daten bis zu zehn Jahre betragen.<\/p>\n<p><strong>Cookies<\/strong><br \/>\nEine Nutzung unseres Angebotes erfolgt mit dem Einsatz eines Cookies. Zweck ist, die Funktionen unseres Internetangebots zu erweitern und die Seite komfortabler zu gestalten. Voraussetzung hierf\u00fcr ist, dass Sie die Cookies in Ihren Browsereinstellungen aktiviert haben. Sie k\u00f6nnen in Ihren Browsereinstellungen das Speichern dieser Cookies abschalten. Dies kann aber dazu f\u00fchren, dass einzelne Angebote unserer Seite f\u00fcr Sie nicht mehr oder nur eingeschr\u00e4nkt verwendbar sind.<\/p>\n<p><strong>Auskunftsrechte<\/strong><br \/>\nSollten Sie mit der Speicherung Ihrer personenbezogenen Daten nicht mehr einverstanden oder diese unrichtig geworden sein, werden wir auf Ihre entsprechende Weisung die L\u00f6schung oder Sperrung Ihrer Daten veranlassen oder die notwendigen Korrekturen vornehmen (soweit dies nach dem geltenden Recht m\u00f6glich ist). Auf Wunsch erhalten Sie unentgeltlich Auskunft \u00fcber alle personenbezogenen Daten, die wir \u00fcber Sie gespeichert haben. Bei Fragen zur Erhebung, Verarbeitung oder Nutzung Ihrer personenbezogenen Daten, bei Ausk\u00fcnften, Berichtigung, Sperrung oder L\u00f6schung von Daten wenden Sie sich bitte per E-Mail an info@schmiede-donop.de.<\/p>\n<\/div>\n","protected":false},"excerpt":{"rendered":"<p>Datenschutzerkl\u00e4rung Ihr Besuch auf unseren Webseiten wird protokolliert. Erfasst werden im Wesentlichen die aktuell von Ihrem PC verwendete IP-Adresse, Datum und Uhrzeit, der Browsertyp und das Betriebssystem Ihres PCs sowie die von Ihnen betrachteten Seiten. Ein Personenbezug ist uns nicht m\u00f6glich und auch nicht beabsichtigt. Die Daten werden getrennt von anderen Daten, die Sie im<span class=\"post-excerpt-end\">&hellip;<\/span><\/p>\n<p class=\"more-link\"><a href=\"https:\/\/schmiede-donop.de\/?page_id=38\" class=\"themebutton\">Read More<\/a><\/p>\n","protected":false},"author":1,"featured_media":0,"parent":0,"menu_order":0,"comment_status":"closed","ping_status":"closed","template":"","meta":{"footnotes":""},"class_list":["post-38","page","type-page","status-publish","hentry"],"_links":{"self":[{"href":"https:\/\/schmiede-donop.de\/index.php?rest_route=\/wp\/v2\/pages\/38","targetHints":{"allow":["GET"]}}],"collection":[{"href":"https:\/\/schmiede-donop.de\/index.php?rest_route=\/wp\/v2\/pages"}],"about":[{"href":"https:\/\/schmiede-donop.de\/index.php?rest_route=\/wp\/v2\/types\/page"}],"author":[{"embeddable":true,"href":"https:\/\/schmiede-donop.de\/index.php?rest_route=\/wp\/v2\/users\/1"}],"replies":[{"embeddable":true,"href":"https:\/\/schmiede-donop.de\/index.php?rest_route=%2Fwp%2Fv2%2Fcomments&post=38"}],"version-history":[{"count":1,"href":"https:\/\/schmiede-donop.de\/index.php?rest_route=\/wp\/v2\/pages\/38\/revisions"}],"predecessor-version":[{"id":39,"href":"https:\/\/schmiede-donop.de\/index.php?rest_route=\/wp\/v2\/pages\/38\/revisions\/39"}],"wp:attachment":[{"href":"https:\/\/schmiede-donop.de\/index.php?rest_route=%2Fwp%2Fv2%2Fmedia&parent=38"}],"curies":[{"name":"wp","href":"https:\/\/api.w.org\/{rel}","templated":true}]}}